{"id":24,"date":"2025-10-26T21:06:11","date_gmt":"2025-10-26T20:06:11","guid":{"rendered":"https:\/\/lifeact.nl\/?page_id=24"},"modified":"2025-12-19T16:34:45","modified_gmt":"2025-12-19T15:34:45","slug":"boek","status":"publish","type":"page","link":"https:\/\/lifeact.nl\/en\/boek\/","title":{"rendered":"Book"},"content":{"rendered":"<p>[et_pb_section fb_built=&#8221;1&#8243; _builder_version=&#8221;4.27.4&#8243; _module_preset=&#8221;default&#8221; use_background_color_gradient=&#8221;on&#8221; background_color_gradient_direction=&#8221;220deg&#8221; background_color_gradient_stops=&#8221;rgba(255,255,255,0) 25rem|#6ab86f 100rem&#8221; background_color_gradient_unit=&#8221;rem&#8221; background_color_gradient_overlays_image=&#8221;on&#8221; background_image=&#8221;https:\/\/lifeact.nl\/wp-content\/uploads\/2025\/11\/Book_Mockup_02.png&#8221; height=&#8221;511px&#8221; background_last_edited=&#8221;on|phone&#8221; use_background_color_gradient_phone=&#8221;on&#8221; background_color_gradient_stops_phone=&#8221;rgba(255,255,255,0) 0rem|#6ab86f 72rem&#8221; global_colors_info=&#8221;{}&#8221;][\/et_pb_section][et_pb_section fb_built=&#8221;1&#8243; admin_label=&#8221;section&#8221; _builder_version=&#8221;4.16&#8243; global_colors_info=&#8221;{}&#8221;][et_pb_row _builder_version=&#8221;4.27.4&#8243; locked=&#8221;off&#8221; global_colors_info=&#8221;{}&#8221;][et_pb_column type=&#8221;4_4&#8243; _builder_version=&#8221;4.27.4&#8243; _module_preset=&#8221;default&#8221; global_colors_info=&#8221;{}&#8221;][et_pb_text content_tablet=&#8221;<\/p>\n<h2 style=\"%22text-align:\" center;%22><span style=\"%22font-family:\" almarai; font-weight: normal; color: #ea6b82;%22><strong>From Tindermatch to Dreamjob<\/strong><\/span><\/h2>\n<p style=\"%22text-align:\" left;%22>&#8221; content_phone=&#8221;<\/p>\n<h2 style=\"%22text-align:\" center;%22><span style=\"%22font-family:\" almarai; font-weight: normal; color: #ea6b82;%22><strong>From Tindermatch to Dreamjob<\/strong><\/span><\/h2>\n<p style=\"%22text-align:\" left;%22>&#8221; content_last_edited=&#8221;on|phone&#8221; _builder_version=&#8221;4.27.4&#8243; text_font=&#8221;||||||||&#8221; header_font=&#8221;||||||||&#8221; header_2_font=&#8221;Playfair Display|700|||||||&#8221; header_6_font=&#8221;||||||||&#8221; max_width_last_edited=&#8221;off|desktop&#8221; module_alignment=&#8221;center&#8221; custom_margin=&#8221;|||5px||&#8221; custom_padding=&#8221;19px|||||&#8221; header_2_text_align_tablet=&#8221;left&#8221; header_2_text_align_phone=&#8221;center&#8221; header_2_text_align_last_edited=&#8221;on|desktop&#8221; header_2_font_size_tablet=&#8221;55px&#8221; header_2_font_size_phone=&#8221;45px&#8221; header_2_font_size_last_edited=&#8221;on|tablet&#8221; locked=&#8221;off&#8221; inline_fonts=&#8221;Allerta Stencil,Almarai&#8221; global_colors_info=&#8221;{}&#8221;]<\/p>\n<h2 style=\"text-align: center;\"><span style=\"font-family: Almarai; font-weight: normal; color: #ea6b82;\"><strong>From Tindermatch to Dreamjob<\/strong><\/span><\/h2>\n<p style=\"text-align: left;\">[\/et_pb_text][\/et_pb_column][\/et_pb_row][et_pb_row column_structure=&#8221;1_2,1_2&#8243; custom_padding_last_edited=&#8221;on|phone&#8221; _builder_version=&#8221;4.27.4&#8243; _module_preset=&#8221;default&#8221; background_enable_image=&#8221;off&#8221; background_size=&#8221;custom&#8221; background_image_width=&#8221;47%&#8221; background_position=&#8221;bottom_left&#8221; background_horizontal_offset=&#8221;6%&#8221; background_vertical_offset=&#8221;100%&#8221; width=&#8221;96.3%&#8221; max_width=&#8221;1525px&#8221; module_alignment=&#8221;center&#8221; min_height=&#8221;524px&#8221; height=&#8221;929px&#8221; max_height=&#8221;310px&#8221; custom_margin=&#8221;|190px|77px|auto||&#8221; custom_margin_tablet=&#8221;|190px|77px|auto||&#8221; custom_margin_phone=&#8221;|0px|||false|false&#8221; custom_margin_last_edited=&#8221;on|tablet&#8221; custom_padding=&#8221;|43px|0px|190px||&#8221; custom_padding_tablet=&#8221;|0px||0px|false|false&#8221; custom_padding_phone=&#8221;|0px|0px|0px|false|false&#8221; global_colors_info=&#8221;{}&#8221;][et_pb_column type=&#8221;1_2&#8243; _builder_version=&#8221;4.27.4&#8243; _module_preset=&#8221;default&#8221; global_colors_info=&#8221;{}&#8221;][et_pb_image src=&#8221;https:\/\/lifeact.nl\/wp-content\/uploads\/2025\/11\/Book_Mockup_03.png&#8221; alt=&#8221;Omslag van het boek \u2018Van Tindermatch tot Droombaan\u2019 van jobcoach Anniek Risseeuw, over de verrassende link tussen daten en solliciteren.&#8221; title_text=&#8221;Boek \u2018Van Tindermatch tot Droombaan\u2019 door Anniek Risseeuw \u2013 over zelfinzicht, daten en loopbaankeuzes&#8221; _builder_version=&#8221;4.27.4&#8243; _module_preset=&#8221;default&#8221; global_colors_info=&#8221;{}&#8221;][\/et_pb_image][\/et_pb_column][et_pb_column type=&#8221;1_2&#8243; _builder_version=&#8221;4.27.4&#8243; _module_preset=&#8221;default&#8221; global_colors_info=&#8221;{}&#8221;][et_pb_text admin_label=&#8221;Tekst&#8221; _builder_version=&#8221;4.27.4&#8243; _module_preset=&#8221;default&#8221; text_font=&#8221;||||||||&#8221; text_text_color=&#8221;#FFFFFF&#8221; text_font_size=&#8221;20px&#8221; header_font=&#8221;||||||||&#8221; header_2_font=&#8221;|700|||||||&#8221; header_2_text_color=&#8221;#cb6779&#8243; header_2_font_size=&#8221;40px&#8221; header_6_font=&#8221;||||||||&#8221; background_color=&#8221;#ea6b82&#8243; max_width=&#8221;625px&#8221; module_alignment=&#8221;center&#8221; min_height=&#8221;134.8px&#8221; custom_margin=&#8221;0px||0px||false|false&#8221; custom_margin_tablet=&#8221;||30px||false|false&#8221; custom_margin_phone=&#8221;20px||20px||true|false&#8221; custom_margin_last_edited=&#8221;on|tablet&#8221; custom_padding=&#8221;40px|40px|40px|40px|true|true&#8221; border_radii=&#8221;on|20px|20px|20px|20px&#8221; global_colors_info=&#8221;{}&#8221;]<\/p>\n<div class=\"flex max-w-full flex-col grow\" style=\"text-align: left;\">\n<div data-message-author-role=\"assistant\" data-message-id=\"15f9d417-4c94-426d-b34f-b3935af33962\" dir=\"auto\" class=\"min-h-8 text-message relative flex w-full flex-col items-end gap-2 text-start break-words whitespace-normal [.text-message+&amp;]:mt-1\" data-message-model-slug=\"gpt-5-1\">\n<div class=\"flex w-full flex-col gap-1 empty:hidden first:pt-[1px]\">\n<div class=\"markdown prose dark:prose-invert w-full break-words light markdown-new-styling\">\n<p data-start=\"0\" data-end=\"354\" data-is-last-node=\"\" data-is-only-node=\"\" style=\"text-align: left;\"><span style=\"color: #ffffff;\"><strong>Years ago, I discovered how much I enjoy writing. In 2013, I published my first book under a pseudonym, and now I\u2019ve found my way back to writing alongside my work as a coach and trainer. <em>From Tindermatch to Dreamjob<\/em> grew out of my own experiences and the insights of the people I\u2019ve worked with. You\u2019ll find moments of recognition, fresh perspectives, or simply the comfort of knowing you\u2019re not the only one. <\/strong><\/span><\/p>\n<p><span style=\"color: #ffffff;\"><strong> <\/strong><\/span><span style=\"color: #ffffff;\"><strong><\/strong><strong style=\"font-size: 20px;\">In 2026, my novel will be re-released together with its sequel. Happy reading!<\/strong><\/span><\/p>\n<p data-start=\"0\" data-end=\"354\" data-is-last-node=\"\" data-is-only-node=\"\" style=\"text-align: left;\">\n<\/div>\n<\/div>\n<\/div>\n<\/div>\n<div class=\"z-0 flex min-h-[46px] justify-start\" style=\"text-align: left;\"><\/div>\n<div class=\"mt-3 w-full empty:hidden\" style=\"text-align: left;\">\n<div class=\"text-center\">\n<div>\n<div class=\"inline-flex border border-gray-100 dark:border-gray-700 rounded-xl\">\n<div class=\"text-token-text-secondary flex items-center justify-center gap-4 px-4 py-2.5 text-sm whitespace-nowrap\"><\/div>\n<\/div>\n<\/div>\n<\/div>\n<\/div>\n<p>[\/et_pb_text][\/et_pb_column][\/et_pb_row][et_pb_row column_structure=&#8221;1_2,1_2&#8243; _builder_version=&#8221;4.27.4&#8243; _module_preset=&#8221;default&#8221; max_width=&#8221;1250px&#8221; custom_margin=&#8221;50px||50px||false|false&#8221; custom_margin_tablet=&#8221;30px||||false|false&#8221; custom_margin_phone=&#8221;0px||||false|false&#8221; custom_margin_last_edited=&#8221;on|tablet&#8221; global_colors_info=&#8221;{}&#8221;][et_pb_column type=&#8221;1_2&#8243; _builder_version=&#8221;4.27.4&#8243; _module_preset=&#8221;default&#8221; global_colors_info=&#8221;{}&#8221;][et_pb_text _builder_version=&#8221;4.27.4&#8243; _module_preset=&#8221;default&#8221; text_font_size=&#8221;20px&#8221; header_text_color=&#8221;#ea6b82&#8243; width=&#8221;88%&#8221; module_alignment=&#8221;center&#8221; global_colors_info=&#8221;{}&#8221;]<\/p>\n<p style=\"text-align: left;\"><span style=\"color: #ea6b82;\"><strong>From Tindermatch to Dreamjob<br \/><\/strong>Anniek Risseeuw<\/span><\/p>\n<p>[\/et_pb_text][et_pb_text _builder_version=&#8221;4.27.4&#8243; _module_preset=&#8221;default&#8221; text_text_color=&#8221;#FFFFFF&#8221; text_font_size=&#8221;20px&#8221; width=&#8221;88%&#8221; module_alignment=&#8221;center&#8221; custom_margin=&#8221;0px||||false|false&#8221; custom_padding=&#8221;0px||||false|false&#8221; global_colors_info=&#8221;{}&#8221;]<\/p>\n<p style=\"text-align: left;\"><em><span style=\"color: #ea6b82; font-size: 20px;\">What if dating and job hunting are really two sides of the same coin? Both are about desire, vulnerability, rejection, and the courage to show who you really are.<\/span><\/em><a name=\"_Hlk213186204\" target=\"_blank\" tabindex=\"-1\"><\/a><\/p>\n<p style=\"text-align: left;\"><span style=\"color: #ea6b82;\">In From Tinder Match to Dream Job, coach and trainer Anniek Risseeuw explores, with humour, honesty, and touching familiarity, how we often lose ourselves in the search for love and work and how we can take back the lead.<\/span><\/p>\n<p>[\/et_pb_text][\/et_pb_column][et_pb_column type=&#8221;1_2&#8243; _builder_version=&#8221;4.27.4&#8243; _module_preset=&#8221;default&#8221; global_colors_info=&#8221;{}&#8221;][et_pb_text _builder_version=&#8221;4.27.4&#8243; _module_preset=&#8221;default&#8221; text_font_size=&#8221;20px&#8221; width=&#8221;88%&#8221; module_alignment=&#8221;center&#8221; custom_margin=&#8221;|||-15px||&#8221; global_colors_info=&#8221;{}&#8221;]<\/p>\n<p style=\"text-align: left;\"><span style=\"color: #ea6b82;\">Through personal stories, sharp observations, and situations we all recognize, from ghosting to red flags, from the honeymoon phase to the probation period, she reveals that growth doesn\u2019t start with the perfect match, but with the willingness to stay true to yourself, even when the silence feels uncomfortable.<\/span><\/p>\n<p style=\"text-align: left;\"><span style=\"color: #ea6b82;\">Whether you\u2019re starting over after a breakup, exploring your next career move, or simply longing for more authenticity in your relationships, this book offers a loving mirror. An invitation to stop proving yourself and to discover that your true self is what makes you most magnetic.<\/span><\/p>\n<p>[\/et_pb_text][\/et_pb_column][\/et_pb_row][et_pb_row _builder_version=&#8221;4.27.4&#8243; _module_preset=&#8221;default&#8221; max_width=&#8221;1525px&#8221; global_colors_info=&#8221;{}&#8221;][et_pb_column type=&#8221;4_4&#8243; _builder_version=&#8221;4.27.4&#8243; _module_preset=&#8221;default&#8221; global_colors_info=&#8221;{}&#8221;][et_pb_image src=&#8221;https:\/\/lifeact.nl\/wp-content\/uploads\/2025\/11\/kobo-Solo-portada-holandes-jpg.jpg&#8221; title_text=&#8221;kobo &#8211; Solo portada holandes jpg&#8221; align=&#8221;center&#8221; _builder_version=&#8221;4.27.4&#8243; _module_preset=&#8221;default&#8221; width=&#8221;26%&#8221; box_shadow_style=&#8221;preset2&#8243; global_colors_info=&#8221;{}&#8221;][\/et_pb_image][\/et_pb_column][\/et_pb_row][et_pb_row column_structure=&#8221;1_2,1_2&#8243; _builder_version=&#8221;4.27.4&#8243; _module_preset=&#8221;default&#8221; max_width=&#8221;1525px&#8221; custom_margin=&#8221;||10vw||false|false&#8221; custom_padding=&#8221;56px|||||&#8221; global_colors_info=&#8221;{}&#8221;][et_pb_column type=&#8221;1_2&#8243; _builder_version=&#8221;4.27.4&#8243; _module_preset=&#8221;default&#8221; global_colors_info=&#8221;{}&#8221;][et_pb_button button_url=&#8221;https:\/\/lifeact.plugandpay.com\/checkout\/van-tindermatch-tot-droombaan&#8221; url_new_window=&#8221;on&#8221; button_text=&#8221;Bestel bij Anniek&#8221; button_alignment=&#8221;right&#8221; button_alignment_tablet=&#8221;center&#8221; button_alignment_phone=&#8221;&#8221; button_alignment_last_edited=&#8221;on|tablet&#8221; _builder_version=&#8221;4.27.4&#8243; _module_preset=&#8221;default&#8221; custom_button=&#8221;on&#8221; button_text_size=&#8221;16px&#8221; button_text_color=&#8221;#FFFFFF&#8221; button_bg_color=&#8221;#ea6b82&#8243; button_border_width=&#8221;8px&#8221; button_border_color=&#8221;RGBA(255,255,255,0)&#8221; button_border_radius=&#8221;49px&#8221; button_font=&#8221;|700|||||||&#8221; custom_margin=&#8221;||||false|false&#8221; custom_padding=&#8221;7px||7px||true|false&#8221; hover_enabled=&#8221;0&#8243; button_text_size_tablet=&#8221;20px&#8221; button_text_size_phone=&#8221;17px&#8221; button_text_size_last_edited=&#8221;on|phone&#8221; locked=&#8221;off&#8221; global_colors_info=&#8221;{}&#8221; sticky_enabled=&#8221;0&#8243;][\/et_pb_button][\/et_pb_column][et_pb_column type=&#8221;1_2&#8243; _builder_version=&#8221;4.27.4&#8243; _module_preset=&#8221;default&#8221; global_colors_info=&#8221;{}&#8221;][et_pb_button button_url=&#8221;https:\/\/www.amazon.nl\/s?k=Van+Tindermatch+tot+Droombaan&#038;rh=n%3A16437442031&#038;__mk_nl_NL=\u00c5M\u00c5\u017d\u00d5\u00d1&#038;ref=nb_sb_noss&#8221; url_new_window=&#8221;on&#8221; button_text=&#8221;Bestel via Amazon&#8221; button_alignment=&#8221;left&#8221; button_alignment_tablet=&#8221;center&#8221; button_alignment_phone=&#8221;&#8221; button_alignment_last_edited=&#8221;on|phone&#8221; _builder_version=&#8221;4.27.4&#8243; _module_preset=&#8221;default&#8221; custom_button=&#8221;on&#8221; button_text_size=&#8221;16px&#8221; button_text_color=&#8221;#FFFFFF&#8221; button_bg_color=&#8221;#ea6b82&#8243; button_border_width=&#8221;8px&#8221; button_border_color=&#8221;RGBA(255,255,255,0)&#8221; button_border_radius=&#8221;49px&#8221; button_font=&#8221;|700|||||||&#8221; custom_margin=&#8221;||||false|false&#8221; custom_padding=&#8221;7px||7px||true|false&#8221; button_text_size_tablet=&#8221;20px&#8221; button_text_size_phone=&#8221;17px&#8221; button_text_size_last_edited=&#8221;on|phone&#8221; locked=&#8221;off&#8221; global_colors_info=&#8221;{}&#8221;][\/et_pb_button][\/et_pb_column][\/et_pb_row][\/et_pb_section]<\/p>","protected":false},"excerpt":{"rendered":"<p>Van Tindermatch tot Droombaan Jaren geleden ontdekte ik al hoe leuk schrijven voor me is. In 2013 bracht ik onder een pseudoniem mijn eerste boek uit en nu combineer ik schrijven weer met mijn werk als coach en trainer. Van Tindermatch tot Droombaan ontstond vanuit mijn ervaringen en de inzichten van kandidaten. Je zult er [&hellip;]<\/p>","protected":false},"author":273039728,"featured_media":0,"parent":0,"menu_order":0,"comment_status":"closed","ping_status":"closed","template":"","meta":{"_et_pb_use_builder":"on","_et_pb_old_content":"<!-- wp:divi\/placeholder \/-->","_et_gb_content_width":"","_crdt_document":"","footnotes":""},"class_list":["post-24","page","type-page","status-publish","hentry"],"yoast_head":"<!-- This site is optimized with the Yoast SEO plugin v27.4 - https:\/\/yoast.com\/product\/yoast-seo-wordpress\/ -->\n<title>Boek - LifeAct<\/title>\n<meta name=\"robots\" content=\"index, follow, max-snippet:-1, max-image-preview:large, max-video-preview:-1\" \/>\n<link rel=\"canonical\" href=\"https:\/\/lifeact.nl\/en\/boek\/\" \/>\n<meta property=\"og:locale\" content=\"en_GB\" \/>\n<meta property=\"og:type\" content=\"article\" \/>\n<meta property=\"og:title\" content=\"Boek - LifeAct\" \/>\n<meta property=\"og:description\" content=\"Van Tindermatch tot Droombaan Jaren geleden ontdekte ik al hoe leuk schrijven voor me is. In 2013 bracht ik onder een pseudoniem mijn eerste boek uit en nu combineer ik schrijven weer met mijn werk als coach en trainer. Van Tindermatch tot Droombaan ontstond vanuit mijn ervaringen en de inzichten van kandidaten. Je zult er [&hellip;]\" \/>\n<meta property=\"og:url\" content=\"https:\/\/lifeact.nl\/en\/boek\/\" \/>\n<meta property=\"og:site_name\" content=\"LifeAct\" \/>\n<meta property=\"article:modified_time\" content=\"2025-12-19T15:34:45+00:00\" \/>\n<meta name=\"twitter:card\" content=\"summary_large_image\" \/>\n<meta name=\"twitter:label1\" content=\"Estimated reading time\" \/>\n\t<meta name=\"twitter:data1\" content=\"2 minutes\" \/>\n<script type=\"application\/ld+json\" class=\"yoast-schema-graph\">{\"@context\":\"https:\\\/\\\/schema.org\",\"@graph\":[{\"@type\":\"WebPage\",\"@id\":\"https:\\\/\\\/lifeact.nl\\\/boek\\\/\",\"url\":\"https:\\\/\\\/lifeact.nl\\\/boek\\\/\",\"name\":\"Boek - LifeAct\",\"isPartOf\":{\"@id\":\"https:\\\/\\\/lifeact.nl\\\/#website\"},\"datePublished\":\"2025-10-26T20:06:11+00:00\",\"dateModified\":\"2025-12-19T15:34:45+00:00\",\"breadcrumb\":{\"@id\":\"https:\\\/\\\/lifeact.nl\\\/boek\\\/#breadcrumb\"},\"inLanguage\":\"en-GB\",\"potentialAction\":[{\"@type\":\"ReadAction\",\"target\":[\"https:\\\/\\\/lifeact.nl\\\/boek\\\/\"]}]},{\"@type\":\"BreadcrumbList\",\"@id\":\"https:\\\/\\\/lifeact.nl\\\/boek\\\/#breadcrumb\",\"itemListElement\":[{\"@type\":\"ListItem\",\"position\":1,\"name\":\"Home\",\"item\":\"https:\\\/\\\/lifeact.nl\\\/\"},{\"@type\":\"ListItem\",\"position\":2,\"name\":\"Boek\"}]},{\"@type\":\"WebSite\",\"@id\":\"https:\\\/\\\/lifeact.nl\\\/#website\",\"url\":\"https:\\\/\\\/lifeact.nl\\\/\",\"name\":\"LifeAct\",\"description\":\"Coaching\",\"potentialAction\":[{\"@type\":\"SearchAction\",\"target\":{\"@type\":\"EntryPoint\",\"urlTemplate\":\"https:\\\/\\\/lifeact.nl\\\/?s={search_term_string}\"},\"query-input\":{\"@type\":\"PropertyValueSpecification\",\"valueRequired\":true,\"valueName\":\"search_term_string\"}}],\"inLanguage\":\"en-GB\"}]}<\/script>\n<!-- \/ Yoast SEO plugin. -->","yoast_head_json":{"title":"Boek - LifeAct","robots":{"index":"index","follow":"follow","max-snippet":"max-snippet:-1","max-image-preview":"max-image-preview:large","max-video-preview":"max-video-preview:-1"},"canonical":"https:\/\/lifeact.nl\/en\/boek\/","og_locale":"en_GB","og_type":"article","og_title":"Boek - LifeAct","og_description":"Van Tindermatch tot Droombaan Jaren geleden ontdekte ik al hoe leuk schrijven voor me is. In 2013 bracht ik onder een pseudoniem mijn eerste boek uit en nu combineer ik schrijven weer met mijn werk als coach en trainer. Van Tindermatch tot Droombaan ontstond vanuit mijn ervaringen en de inzichten van kandidaten. Je zult er [&hellip;]","og_url":"https:\/\/lifeact.nl\/en\/boek\/","og_site_name":"LifeAct","article_modified_time":"2025-12-19T15:34:45+00:00","twitter_card":"summary_large_image","twitter_misc":{"Estimated reading time":"2 minutes"},"schema":{"@context":"https:\/\/schema.org","@graph":[{"@type":"WebPage","@id":"https:\/\/lifeact.nl\/boek\/","url":"https:\/\/lifeact.nl\/boek\/","name":"Boek - LifeAct","isPartOf":{"@id":"https:\/\/lifeact.nl\/#website"},"datePublished":"2025-10-26T20:06:11+00:00","dateModified":"2025-12-19T15:34:45+00:00","breadcrumb":{"@id":"https:\/\/lifeact.nl\/boek\/#breadcrumb"},"inLanguage":"en-GB","potentialAction":[{"@type":"ReadAction","target":["https:\/\/lifeact.nl\/boek\/"]}]},{"@type":"BreadcrumbList","@id":"https:\/\/lifeact.nl\/boek\/#breadcrumb","itemListElement":[{"@type":"ListItem","position":1,"name":"Home","item":"https:\/\/lifeact.nl\/"},{"@type":"ListItem","position":2,"name":"Boek"}]},{"@type":"WebSite","@id":"https:\/\/lifeact.nl\/#website","url":"https:\/\/lifeact.nl\/","name":"LifeAct","description":"Coaching","potentialAction":[{"@type":"SearchAction","target":{"@type":"EntryPoint","urlTemplate":"https:\/\/lifeact.nl\/?s={search_term_string}"},"query-input":{"@type":"PropertyValueSpecification","valueRequired":true,"valueName":"search_term_string"}}],"inLanguage":"en-GB"}]}},"jetpack_likes_enabled":true,"jetpack_sharing_enabled":true,"jetpack_shortlink":"https:\/\/wp.me\/Ph3VX8-o","jetpack-related-posts":[{"id":1040,"url":"https:\/\/lifeact.nl\/en\/aanmelden-workshop\/","url_meta":{"origin":24,"position":0},"title":"Aanmelden Workshop","author":"evelien3584fe856c","date":"26 November 2025","format":false,"excerpt":"","rel":"","context":"Similar post","block_context":{"text":"Similar post","link":""},"img":{"alt_text":"","src":"","width":0,"height":0},"classes":[]},{"id":3,"url":"https:\/\/lifeact.nl\/en\/","url_meta":{"origin":24,"position":1},"title":"Home","author":"evelien3584fe856c","date":"26 October 2025","format":false,"excerpt":"","rel":"","context":"Similar post","block_context":{"text":"Similar post","link":""},"img":{"alt_text":"","src":"https:\/\/i0.wp.com\/lifeact.nl\/wp-content\/uploads\/2025\/10\/Anniek-4-van-20.jpg?resize=350%2C200&ssl=1","width":350,"height":200,"srcset":"https:\/\/i0.wp.com\/lifeact.nl\/wp-content\/uploads\/2025\/10\/Anniek-4-van-20.jpg?resize=350%2C200&ssl=1 1x, https:\/\/i0.wp.com\/lifeact.nl\/wp-content\/uploads\/2025\/10\/Anniek-4-van-20.jpg?resize=525%2C300&ssl=1 1.5x, https:\/\/i0.wp.com\/lifeact.nl\/wp-content\/uploads\/2025\/10\/Anniek-4-van-20.jpg?resize=700%2C400&ssl=1 2x, https:\/\/i0.wp.com\/lifeact.nl\/wp-content\/uploads\/2025\/10\/Anniek-4-van-20.jpg?resize=1050%2C600&ssl=1 3x, https:\/\/i0.wp.com\/lifeact.nl\/wp-content\/uploads\/2025\/10\/Anniek-4-van-20.jpg?resize=1400%2C800&ssl=1 4x"},"classes":[]},{"id":315,"url":"https:\/\/lifeact.nl\/en\/outplacement\/","url_meta":{"origin":24,"position":2},"title":"Outplacement process","author":"evelien3584fe856c","date":"18 November 2025","format":false,"excerpt":"","rel":"","context":"Similar post","block_context":{"text":"Similar post","link":""},"img":{"alt_text":"","src":"","width":0,"height":0},"classes":[]},{"id":698,"url":"https:\/\/lifeact.nl\/en\/algemene-voorwaarden-lifeact\/","url_meta":{"origin":24,"position":3},"title":"LifeAct Terms and Conditions","author":"evelien3584fe856c","date":"23 November 2025","format":false,"excerpt":"","rel":"","context":"Similar post","block_context":{"text":"Similar post","link":""},"img":{"alt_text":"","src":"","width":0,"height":0},"classes":[]},{"id":313,"url":"https:\/\/lifeact.nl\/en\/startende-ondernemer\/","url_meta":{"origin":24,"position":4},"title":"Starting entrepreneurs","author":"evelien3584fe856c","date":"18 November 2025","format":false,"excerpt":"","rel":"","context":"Similar post","block_context":{"text":"Similar post","link":""},"img":{"alt_text":"","src":"","width":0,"height":0},"classes":[]},{"id":311,"url":"https:\/\/lifeact.nl\/en\/persoonlijke-ontwikkeling\/","url_meta":{"origin":24,"position":5},"title":"Personal development","author":"evelien3584fe856c","date":"18 November 2025","format":false,"excerpt":"","rel":"","context":"Similar post","block_context":{"text":"Similar post","link":""},"img":{"alt_text":"","src":"","width":0,"height":0},"classes":[]}],"_links":{"self":[{"href":"https:\/\/lifeact.nl\/en\/wp-json\/wp\/v2\/pages\/24","targetHints":{"allow":["GET"]}}],"collection":[{"href":"https:\/\/lifeact.nl\/en\/wp-json\/wp\/v2\/pages"}],"about":[{"href":"https:\/\/lifeact.nl\/en\/wp-json\/wp\/v2\/types\/page"}],"author":[{"embeddable":true,"href":"https:\/\/lifeact.nl\/en\/wp-json\/wp\/v2\/users\/273039728"}],"replies":[{"embeddable":true,"href":"https:\/\/lifeact.nl\/en\/wp-json\/wp\/v2\/comments?post=24"}],"version-history":[{"count":60,"href":"https:\/\/lifeact.nl\/en\/wp-json\/wp\/v2\/pages\/24\/revisions"}],"predecessor-version":[{"id":1248,"href":"https:\/\/lifeact.nl\/en\/wp-json\/wp\/v2\/pages\/24\/revisions\/1248"}],"wp:attachment":[{"href":"https:\/\/lifeact.nl\/en\/wp-json\/wp\/v2\/media?parent=24"}],"curies":[{"name":"wp","href":"https:\/\/api.w.org\/{rel}","templated":true}]}}